{"id":11151,"date":"2022-04-01T13:01:58","date_gmt":"2022-04-01T12:01:58","guid":{"rendered":"https:\/\/dubawa.org\/fr\/?page_id=11151"},"modified":"2025-09-10T15:25:21","modified_gmt":"2025-09-10T14:25:21","slug":"content-categories","status":"publish","type":"page","link":"https:\/\/dubawa.org\/fr\/about-us\/content-categories\/","title":{"rendered":"Cat\u00e9gories de nos contenus"},"content":{"rendered":"\n<h2 class=\"wp-block-heading\"><strong><strong>Nos cat\u00e9gories<\/strong><\/strong><\/h2>\n\n\n\n<h2 class=\"wp-block-heading\"><strong>Articles de v\u00e9rification des faits :<\/strong><\/h2>\n\n\n\n<p>Il s&#8217;agit de la cat\u00e9gorie de contenu fondamentale pour Dubawa. Dans le cadre de notre projet de v\u00e9rification des faits, nous nous identifions les affirmations virales douteuses, puis nous les examinons minutieusement et fournissons des mises \u00e0 jour sur des affirmations sp\u00e9cifiques, dans le but de d\u00e9terminer la v\u00e9racit\u00e9 des faits, qu&#8217;il s&#8217;agisse d&#8217;affirmations vraies, fausses, trompeuses, etc.<\/p>\n\n\n\n<h2 class=\"wp-block-heading\"><strong>Articles explicatifs :<\/strong><strong><\/strong><\/h2>\n\n\n\n<p>Cette cat\u00e9gorie concerne les informations diffus\u00e9es pour donner un sens \u00e0 des \u00e9v\u00e9nements et des situations complexes. Elle comprend : les fiches d\u2019information, la contextualisation d&#8217;informations ambigu\u00ebs, etc..<\/p>\n\n\n\n<p>En termes d&#8217;objectif particulier, les explicateurs favorisent la compr\u00e9hension de certaines informations par nos lecteurs et les aident \u00e0 repenser certains concepts. Ici, l&#8217;accent est mis sur la qualit\u00e9 du contenu et sa capacit\u00e9 \u00e0 simplifier des informations complexes ou ambigu\u00ebs.<\/p>\n\n\n\n<h2 class=\"wp-block-heading\"><strong>\u00c9ducation aux m\u00e9dias :<\/strong><strong><\/strong><\/h2>\n\n\n\n<p>Dubawa affirme que dans les d\u00e9mocraties actuelles, chaque citoyen, en tant que producteur de contenus, est un nouveau m\u00e9dia ! \u00c0 ce titre, chaque citoyen doit devenir son propre gardien, en cr\u00e9ant un filtre d&#8217;informations pour notre sant\u00e9 mentale et notre survie collective. Mais cela n\u00e9cessite en soi des heures d&#8217;entra\u00eenement et une conscience de l&#8217;actualit\u00e9.<\/p>\n\n\n\n<p>Cette cat\u00e9gorie vise donc \u00e0 am\u00e9liorer la r\u00e9ception par le lecteur\/auditeur\/spectateur de toutes les formes de messages. Elle comprend des articles sur les diff\u00e9rents types d&#8217;informations, la mani\u00e8re dont les messages sont produits et par qui, la mani\u00e8re dont ils sont formul\u00e9s pour r\u00e9pondre \u00e0 divers int\u00e9r\u00eats, les outils disponibles pour d\u00e9chiffrer les r\u00e9seaux de d\u00e9sinformation sans l&#8217;aide d&#8217;un tiers, etc. En substance, l&#8217;accent est mis sur la qualit\u00e9 de la consommation de produits m\u00e9diatiques.<\/p>\n\n\n\n<h2 class=\"wp-block-heading\"><strong>Cat\u00e9gories th\u00e9matiques :<\/strong><strong><\/strong><\/h2>\n\n\n\n<p>Nous classons \u00e9galement notre contenu par th\u00e8me afin d&#8217;en faciliter l&#8217;acc\u00e8s. Ces th\u00e8mes regroupent des contenus correspondant \u00e0 toutes les cat\u00e9gories de contenu \u00e9num\u00e9r\u00e9es ci-dessus, qu&#8217;il s&#8217;agisse de v\u00e9rifications de faits, d&#8217;articles sur l&#8217;\u00e9ducation aux m\u00e9dias ou d&#8217;explications. Ces th\u00e8mes comprennent entre autres : l&#8217;\u00e9conomie, la sant\u00e9, l&#8217;\u00e9ducation, la s\u00e9curit\u00e9, la politique, les \u00e9lections, les parodies, etc.<\/p>\n","protected":false},"excerpt":{"rendered":"<p>Nos cat\u00e9gories Articles de v\u00e9rification des faits : Il s&#8217;agit de la cat\u00e9gorie de contenu fondamentale pour Dubawa. Dans le cadre de notre projet de v\u00e9rification des faits, nous nous identifions les affirmations virales douteuses, puis nous les examinons minutieusement et fournissons des mises \u00e0 jour sur des affirmations sp\u00e9cifiques, dans le but de d\u00e9terminer &hellip;<\/p>\n","protected":false},"author":1,"featured_media":0,"parent":2,"menu_order":0,"comment_status":"closed","ping_status":"closed","template":"","meta":{"footnotes":""},"ppma_author":[1129],"class_list":["post-11151","page","type-page","status-publish","hentry"],"_links":{"self":[{"href":"https:\/\/dubawa.org\/fr\/wp-json\/wp\/v2\/pages\/11151","targetHints":{"allow":["GET"]}}],"collection":[{"href":"https:\/\/dubawa.org\/fr\/wp-json\/wp\/v2\/pages"}],"about":[{"href":"https:\/\/dubawa.org\/fr\/wp-json\/wp\/v2\/types\/page"}],"author":[{"embeddable":true,"href":"https:\/\/dubawa.org\/fr\/wp-json\/wp\/v2\/users\/1"}],"replies":[{"embeddable":true,"href":"https:\/\/dubawa.org\/fr\/wp-json\/wp\/v2\/comments?post=11151"}],"version-history":[{"count":3,"href":"https:\/\/dubawa.org\/fr\/wp-json\/wp\/v2\/pages\/11151\/revisions"}],"predecessor-version":[{"id":23134,"href":"https:\/\/dubawa.org\/fr\/wp-json\/wp\/v2\/pages\/11151\/revisions\/23134"}],"up":[{"embeddable":true,"href":"https:\/\/dubawa.org\/fr\/wp-json\/wp\/v2\/pages\/2"}],"wp:attachment":[{"href":"https:\/\/dubawa.org\/fr\/wp-json\/wp\/v2\/media?parent=11151"}],"wp:term":[{"taxonomy":"author","embeddable":true,"href":"https:\/\/dubawa.org\/fr\/wp-json\/wp\/v2\/ppma_author?post=11151"}],"curies":[{"name":"wp","href":"https:\/\/api.w.org\/{rel}","templated":true}]}}