{"id":129,"date":"2014-03-10T15:20:52","date_gmt":"2014-03-10T14:20:52","guid":{"rendered":"http:\/\/teslathemes.com\/demo\/wp\/novelty\/?page_id=129"},"modified":"2025-10-08T15:35:42","modified_gmt":"2025-10-08T14:35:42","slug":"contact-us","status":"publish","type":"page","link":"https:\/\/dubawa.org\/fr\/contact-us\/","title":{"rendered":"Contacts"},"content":{"rendered":"<p>Dubawa est guid\u00e9 par des principes fermes de responsabilit\u00e9, de v\u00e9rit\u00e9 et de collaboration ; en cr\u00e9ant une communaut\u00e9 permettant aux citoyens de signaler et de remettre en question les informations diffus\u00e9es par les m\u00e9dias, les autorit\u00e9s, les organisations et les personnalit\u00e9s influentes.<\/p>\n<p>Dubawa est une initiative soutenue par <img loading=\"lazy\" decoding=\"async\" class=\"alignnone wp-image-774\" src=\"https:\/\/ghana.dubawa.org\/wp-content\/uploads\/2018\/02\/MacArthur-1024x387.png\" alt=\"\" width=\"93\" height=\"35\" srcset=\"https:\/\/dubawa.org\/fr\/wp-content\/uploads\/2018\/02\/MacArthur-1024x387.png 1024w, https:\/\/dubawa.org\/fr\/wp-content\/uploads\/2018\/02\/MacArthur-300x113.png 300w, https:\/\/dubawa.org\/fr\/wp-content\/uploads\/2018\/02\/MacArthur-768x291.png 768w, https:\/\/dubawa.org\/fr\/wp-content\/uploads\/2018\/02\/MacArthur.png 1623w\" sizes=\"auto, (max-width: 93px) 100vw, 93px\" \/><\/p>\n<hr \/>\n<p><strong>Les coordonn\u00e9es de Dubawa<\/strong><\/p>\n<p><strong>Ghana<\/strong><\/p>\n<p>T\u00e9l\u00e9phone: +233 0593705083<\/p>\n<p>E-mail : <a href=\"mailto:contact@dubawa.org\">contact@dubawa.org<\/a><\/p>\n<p>Postal Address: P.O. Box LG 53, Little Legon, Accra<\/p>\n<hr \/>\n<p>Nig\u00e9ria<\/p>\n<p>T\u00e9l\u00e9phone: <a href=\"http:\/\/+2349131167621\" data-wplink-url-error=\"true\">+234 (0) 913 116 7621<\/a><\/p>\n<p>E-mail: <a href=\"mailto:contact@dubawa.org\">contact@dubawa.org<\/a><\/p>\n<p>Address:\u00a053 Mambolo Street, Zone 2, Wuse Abuja<\/p>\n","protected":false},"excerpt":{"rendered":"<p>Dubawa est guid\u00e9 par des principes fermes de responsabilit\u00e9, de v\u00e9rit\u00e9 et de collaboration ; en cr\u00e9ant une communaut\u00e9 permettant aux citoyens de signaler et de remettre en question les informations diffus\u00e9es par les m\u00e9dias, les autorit\u00e9s, les organisations et les personnalit\u00e9s influentes. Dubawa est une initiative soutenue par Les coordonn\u00e9es de Dubawa Ghana T\u00e9l\u00e9phone: &hellip;<\/p>\n","protected":false},"author":1,"featured_media":0,"parent":0,"menu_order":0,"comment_status":"closed","ping_status":"closed","template":"","meta":{"footnotes":""},"ppma_author":[865],"class_list":["post-129","page","type-page","status-publish","hentry"],"_links":{"self":[{"href":"https:\/\/dubawa.org\/fr\/wp-json\/wp\/v2\/pages\/129","targetHints":{"allow":["GET"]}}],"collection":[{"href":"https:\/\/dubawa.org\/fr\/wp-json\/wp\/v2\/pages"}],"about":[{"href":"https:\/\/dubawa.org\/fr\/wp-json\/wp\/v2\/types\/page"}],"author":[{"embeddable":true,"href":"https:\/\/dubawa.org\/fr\/wp-json\/wp\/v2\/users\/1"}],"replies":[{"embeddable":true,"href":"https:\/\/dubawa.org\/fr\/wp-json\/wp\/v2\/comments?post=129"}],"version-history":[{"count":5,"href":"https:\/\/dubawa.org\/fr\/wp-json\/wp\/v2\/pages\/129\/revisions"}],"predecessor-version":[{"id":23231,"href":"https:\/\/dubawa.org\/fr\/wp-json\/wp\/v2\/pages\/129\/revisions\/23231"}],"wp:attachment":[{"href":"https:\/\/dubawa.org\/fr\/wp-json\/wp\/v2\/media?parent=129"}],"wp:term":[{"taxonomy":"author","embeddable":true,"href":"https:\/\/dubawa.org\/fr\/wp-json\/wp\/v2\/ppma_author?post=129"}],"curies":[{"name":"wp","href":"https:\/\/api.w.org\/{rel}","templated":true}]}}