{"id":2023,"date":"2019-03-07T01:26:55","date_gmt":"2019-03-07T00:26:55","guid":{"rendered":"https:\/\/dubawa.org\/fr\/?page_id=2023"},"modified":"2025-09-10T16:34:48","modified_gmt":"2025-09-10T15:34:48","slug":"funding","status":"publish","type":"page","link":"https:\/\/dubawa.org\/fr\/about-us\/funding\/","title":{"rendered":"Financement"},"content":{"rendered":"<p>DUBAWA est principalement soutenu par le <a href=\"https:\/\/thecjid.org\/\"><u>Centre pour l&#8217;innovation et le d\u00e9veloppement du journalisme <\/u><\/a>(CJID). Il a b\u00e9n\u00e9fici\u00e9 d&#8217;un soutien direct et d&#8217;une mise en \u0153uvre collaborative avec d&#8217;autres projets de CJID.<\/p>\n<p>La <a href=\"https:\/\/www.macfound.org\/\"><u>Fondation MacArthur<\/u><\/a>, qui soutient activement le projet DUBAWA, vise \u00e0 renforcer le journalisme d&#8217;investigation et de donn\u00e9es au Nig\u00e9ria dans le cadre de son projet \u00ab On Nigeria project \u00bb (journalisme de responsabilisation).<\/p>\n<p>Depuis 2018, Dubawa a \u00e9galement re\u00e7u d&#8217;autres subventions pour financer des activit\u00e9s soutenant la culture de la v\u00e9rification des faits en Afrique de l&#8217;Ouest. Outre les institutions susmentionn\u00e9es, d\u2019autres institutions sont concern\u00e9es notamment :<\/p>\n<ul>\n<li>La Fondation Heinrich Boll, via son Programme pour la d\u00e9mocratie<\/li>\n<li>Le British Council, via son programme \u00ab \u00c9tat de droit et lutte contre la corruption \u00bb (RoLAC), soutient des initiatives de renforcement des capacit\u00e9s des journalistes<\/li>\n<li>L&#8217;IFCN, via sa bourse de d\u00e9veloppement de la v\u00e9rification des faits re\u00e7ue de YouTube (via Google News Initiative)<\/li>\n<li>Le National Endowment for Democracy pour soutenir la recherche et le d\u00e9veloppement sur le d\u00e9sordre informationnel<\/li>\n<li>La Fondation Konrad-Adenauer, pour soutenir le projet \u00e9lectoral de Dubawa (Ghana) de 2020, qui visait \u00e0 renforcer les capacit\u00e9s des m\u00e9dias ghan\u00e9ens, \u00e0 v\u00e9rifier rigoureusement les informations relatives aux \u00e9lections et \u00e0 utiliser la recherche pour identifier les tendances en mati\u00e8re de d\u00e9sinformation avant, pendant et apr\u00e8s les \u00e9lections ghan\u00e9ennes de 2020.<\/li>\n<li>UNESCO Gambie<\/li>\n<\/ul>\n<p>Nous sommes transparents quant \u00e0 la divulgation de nos financements et pr\u00e9cisons que ceux-ci n&#8217;ont aucune influence sur nos jugements et nos d\u00e9cisions \u00e9ditoriales.<\/p>\n","protected":false},"excerpt":{"rendered":"<p>DUBAWA est principalement soutenu par le Centre pour l&#8217;innovation et le d\u00e9veloppement du journalisme (CJID). Il a b\u00e9n\u00e9fici\u00e9 d&#8217;un soutien direct et d&#8217;une mise en \u0153uvre collaborative avec d&#8217;autres projets de CJID. La Fondation MacArthur, qui soutient activement le projet DUBAWA, vise \u00e0 renforcer le journalisme d&#8217;investigation et de donn\u00e9es au Nig\u00e9ria dans le cadre &hellip;<\/p>\n","protected":false},"author":1,"featured_media":0,"parent":2,"menu_order":0,"comment_status":"closed","ping_status":"closed","template":"","meta":{"footnotes":""},"ppma_author":[865],"class_list":["post-2023","page","type-page","status-publish","hentry"],"_links":{"self":[{"href":"https:\/\/dubawa.org\/fr\/wp-json\/wp\/v2\/pages\/2023","targetHints":{"allow":["GET"]}}],"collection":[{"href":"https:\/\/dubawa.org\/fr\/wp-json\/wp\/v2\/pages"}],"about":[{"href":"https:\/\/dubawa.org\/fr\/wp-json\/wp\/v2\/types\/page"}],"author":[{"embeddable":true,"href":"https:\/\/dubawa.org\/fr\/wp-json\/wp\/v2\/users\/1"}],"replies":[{"embeddable":true,"href":"https:\/\/dubawa.org\/fr\/wp-json\/wp\/v2\/comments?post=2023"}],"version-history":[{"count":2,"href":"https:\/\/dubawa.org\/fr\/wp-json\/wp\/v2\/pages\/2023\/revisions"}],"predecessor-version":[{"id":23142,"href":"https:\/\/dubawa.org\/fr\/wp-json\/wp\/v2\/pages\/2023\/revisions\/23142"}],"up":[{"embeddable":true,"href":"https:\/\/dubawa.org\/fr\/wp-json\/wp\/v2\/pages\/2"}],"wp:attachment":[{"href":"https:\/\/dubawa.org\/fr\/wp-json\/wp\/v2\/media?parent=2023"}],"wp:term":[{"taxonomy":"author","embeddable":true,"href":"https:\/\/dubawa.org\/fr\/wp-json\/wp\/v2\/ppma_author?post=2023"}],"curies":[{"name":"wp","href":"https:\/\/api.w.org\/{rel}","templated":true}]}}