{"id":23179,"date":"2025-10-08T10:44:07","date_gmt":"2025-10-08T09:44:07","guid":{"rendered":"https:\/\/dubawa.org\/fr\/?page_id=23179"},"modified":"2025-10-08T10:44:08","modified_gmt":"2025-10-08T09:44:08","slug":"dubawa-4","status":"publish","type":"page","link":"https:\/\/dubawa.org\/fr\/dubawa-4\/","title":{"rendered":"DUBAWA"},"content":{"rendered":"\n<p>DUBAWA est un projet ind\u00e9pendant de v\u00e9rification et de contr\u00f4le des faits en Afrique de l&#8217;Ouest, initi\u00e9 par le <a href=\"https:\/\/www.thecjid.org\/\" target=\"_blank\" rel=\"noreferrer noopener\">Centre pour l&#8217;innovation et le d\u00e9veloppement du journalisme<\/a> (CJID) et soutenu par les r\u00e9dactions et les organisations civiques les plus influentes d&#8217;Afrique de l&#8217;Ouest afin de contribuer \u00e0 renforcer la culture de la v\u00e9rit\u00e9 dans le discours public, les politiques publiques et la pratique journalistique. Il est pr\u00e9sent dans plusieurs pays africains notamment au Nigeria, au S\u00e9n\u00e9gal, en C\u00f4te d\u2019Ivoire, au Ghana, en Sierra Leone, au Liberia et en Gambie.<\/p>\n\n\n\n<p>La plateforme Dubawa tire ses pouvoirs juridiques et op\u00e9rationnels de l\u2019organisation m\u00e8re \u00e0 but non lucratif, le Centre for Journalism Innovation and Development (CJID). Le CJID a son si\u00e8ge au Nigeria et est enregistr\u00e9 sous le num\u00e9ro CAC\/IT\/NO 69519 aupr\u00e8s de la Commission des affaires corporatives du Nigeria (CAC). Le CJID a \u00e9t\u00e9 fond\u00e9 en 2014 afin de promouvoir un paysage m\u00e9diatique v\u00e9ritablement ind\u00e9pendant qui favorise les droits humains fondamentaux, la bonne gouvernance et la responsabilit\u00e9 en Afrique de l&#8217;Ouest gr\u00e2ce au journalisme d&#8217;investigation, aux donn\u00e9es ouvertes et \u00e0 la technologie civique.<\/p>\n\n\n\n<p>Dubawa fonctionne selon une politique non partisane, acceptant uniquement de d\u00e9fendre les valeurs d&#8217;exactitude, d&#8217;\u00e9quilibre, de transparence, de v\u00e9rification, d&#8217;ind\u00e9pendance et de responsabilit\u00e9 dans toutes ses op\u00e9rations. Nous sommes guid\u00e9s, dans toutes nos pratiques, par les <a href=\"https:\/\/ifcncodeofprinciples.poynter.org\/\" target=\"_blank\" rel=\"noreferrer noopener\">cinq principes du R\u00e9seau international de v\u00e9rification des faits<\/a> (IFCN).<\/p>\n\n\n\n<p>La mission de Dubawa est d&#8217;instaurer une culture de la v\u00e9rit\u00e9 et de la v\u00e9rification dans le discours public et dans le journalisme gr\u00e2ce \u00e0 des partenariats strat\u00e9giques entre les m\u00e9dias, le gouvernement, les organisations de la soci\u00e9t\u00e9 civile, les g\u00e9ants de la technologie et le public.<\/p>\n\n\n\n<p>Nos hypoth\u00e8ses de base (qui font partie int\u00e9grante de notre th\u00e9orie du changement) sont que les informations factuelles permettent aux citoyens de faire des choix plus \u00e9clair\u00e9s dans une soci\u00e9t\u00e9 d\u00e9mocratique et sur d&#8217;autres questions d&#8217;int\u00e9r\u00eat public. Par cons\u00e9quent, fournir des informations v\u00e9rifi\u00e9es contribue \u00e0 promouvoir la bonne gouvernance et la responsabilit\u00e9.<\/p>\n\n\n\n<p>Nous pensons \u00e9galement que la v\u00e9rit\u00e9 et la confiance ont \u00e9t\u00e9 \u00e9rod\u00e9es dans le journalisme, en grande partie \u00e0 cause de la diminution des investissements et de la concurrence des r\u00e9seaux sociaux. Si un projet m\u00e9diatique ind\u00e9pendant fournit des informations factuelles et renforce les capacit\u00e9s des r\u00e9dactions gr\u00e2ce \u00e0 la collaboration, la confiance en les m\u00e9dias sera restaur\u00e9e.<\/p>\n\n\n\n<p>Objectifs du projet Dubawa<\/p>\n\n\n\n<ul class=\"wp-block-list\">\n<li>Encourager une citoyennet\u00e9 plus engag\u00e9e et mieux inform\u00e9e, capable de prendre des d\u00e9cisions \u00e9clair\u00e9es sur les questions qui affectent son d\u00e9veloppement gr\u00e2ce \u00e0 des articles sur l&#8217;\u00e9ducation aux m\u00e9dias, des v\u00e9rifications des faits, des explications, des fiches d&#8217;information et un engagement en ligne\/hors ligne.<\/li>\n\n\n\n<li>Restaurer la confiance en les m\u00e9dias en dotant les salles de r\u00e9daction des comp\u00e9tences et de l&#8217;environnement n\u00e9cessaires pour faire de la v\u00e9rification des faits et de la v\u00e9rit\u00e9 une norme dans les m\u00e9dias gr\u00e2ce \u00e0 des formations, des bourses d\u2019\u00e9tude et du mentorat.<\/li>\n\n\n\n<li>Mener des recherches et d\u00e9velopper des outils technologiques permettant d&#8217;identifier, d&#8217;analyser et de contrer de mani\u00e8re ad\u00e9quate la d\u00e9sinformation, tout en constituant un corpus de connaissances sur la d\u00e9sinformation en Afrique.<\/li>\n\n\n\n<li>\u00c9tablir des partenariats avec des salles de r\u00e9daction et des agences sp\u00e9cialis\u00e9es dans les donn\u00e9es afin d&#8217;obtenir et de num\u00e9riser des informations factuelles sur notamment la politique, l&#8217;\u00e9conomie, les statistiques et la sant\u00e9.<\/li>\n<\/ul>\n","protected":false},"excerpt":{"rendered":"<p>DUBAWA est un projet ind\u00e9pendant de v\u00e9rification et de contr\u00f4le des faits en Afrique de l&#8217;Ouest, initi\u00e9 par le Centre pour l&#8217;innovation et le d\u00e9veloppement du journalisme (CJID) et soutenu par les r\u00e9dactions et les organisations civiques les plus influentes d&#8217;Afrique de l&#8217;Ouest afin de contribuer \u00e0 renforcer la culture de la v\u00e9rit\u00e9 dans le &hellip;<\/p>\n","protected":false},"author":137,"featured_media":0,"parent":0,"menu_order":0,"comment_status":"closed","ping_status":"closed","template":"","meta":{"footnotes":""},"ppma_author":[3819],"class_list":["post-23179","page","type-page","status-publish","hentry"],"_links":{"self":[{"href":"https:\/\/dubawa.org\/fr\/wp-json\/wp\/v2\/pages\/23179","targetHints":{"allow":["GET"]}}],"collection":[{"href":"https:\/\/dubawa.org\/fr\/wp-json\/wp\/v2\/pages"}],"about":[{"href":"https:\/\/dubawa.org\/fr\/wp-json\/wp\/v2\/types\/page"}],"author":[{"embeddable":true,"href":"https:\/\/dubawa.org\/fr\/wp-json\/wp\/v2\/users\/137"}],"replies":[{"embeddable":true,"href":"https:\/\/dubawa.org\/fr\/wp-json\/wp\/v2\/comments?post=23179"}],"version-history":[{"count":1,"href":"https:\/\/dubawa.org\/fr\/wp-json\/wp\/v2\/pages\/23179\/revisions"}],"predecessor-version":[{"id":23180,"href":"https:\/\/dubawa.org\/fr\/wp-json\/wp\/v2\/pages\/23179\/revisions\/23180"}],"wp:attachment":[{"href":"https:\/\/dubawa.org\/fr\/wp-json\/wp\/v2\/media?parent=23179"}],"wp:term":[{"taxonomy":"author","embeddable":true,"href":"https:\/\/dubawa.org\/fr\/wp-json\/wp\/v2\/ppma_author?post=23179"}],"curies":[{"name":"wp","href":"https:\/\/api.w.org\/{rel}","templated":true}]}}