{"id":271,"date":"2017-09-10T17:48:31","date_gmt":"2017-09-10T16:48:31","guid":{"rendered":"https:\/\/dubawa.org\/fr\/?page_id=271"},"modified":"2025-09-10T16:25:38","modified_gmt":"2025-09-10T15:25:38","slug":"independence-policy","status":"publish","type":"page","link":"https:\/\/dubawa.org\/fr\/about-us\/independence-policy\/","title":{"rendered":"Politique d&#8217;ind\u00e9pendance"},"content":{"rendered":"<p>Bien que Dubawa reconnaisse le droit de chaque individu de se pr\u00e9senter \u00e0 une \u00e9lection et de soutenir le candidat de son choix, nous estimons que l&#8217;ind\u00e9pendance de la plateforme pourrait \u00eatre remise en question si les membres de l&#8217;\u00e9quipe faisaient preuve de partisanerie. \u00c0 cette fin, tout membre de l&#8217;\u00e9quipe qui souhaite se pr\u00e9senter \u00e0 une \u00e9lection ou soutenir\/parrainer un candidat sous quelque forme que ce soit, que ce soit en faisant activement campagne ou en versant des dons \u00e0 un fonds de campagne, doit d\u00e9missionner de son poste au sein de l&#8217;\u00e9quipe. Dubawa et les membres de son \u00e9quipe, ainsi que les contributeurs et les membres du conseil d&#8217;administration et du comit\u00e9 de r\u00e9daction, doivent \u00e0 tout prix rester impartiaux.<\/p>\n<p>Les membres de l&#8217;\u00e9quipe qui souhaitent occuper des fonctions publiques doivent \u00e9galement d\u00e9missionner de leur poste au sein de DUBAWA. \u00c0 ce titre, ils ne peuvent pas d\u00e9filer ou se rassembler pour soutenir des causes ou des mouvements publics, signer des annonces prenant position sur des questions d&#8217;int\u00e9r\u00eat public, ou pr\u00eater leur nom \u00e0 des campagnes, des d\u00eeners de bienfaisance ou des \u00e9v\u00e9nements similaires si cela peut raisonnablement susciter des doutes quant \u00e0 leur capacit\u00e9 ou \u00e0 celle de DUBAWA de fonctionner en tant qu&#8217;observateurs neutres dans la couverture de l&#8217;actualit\u00e9. Les membres de l&#8217;\u00e9quipe doivent garder \u00e0 l&#8217;esprit que leurs voisins et autres observateurs les consid\u00e8rent g\u00e9n\u00e9ralement comme des repr\u00e9sentants de DUBAWA.<\/p>\n<p>Les membres de l&#8217;\u00e9quipe peuvent appara\u00eetre de temps \u00e0 autre dans des \u00e9missions de radio et de t\u00e9l\u00e9vision consacr\u00e9es aux affaires publiques, mais ils doivent \u00e9viter d&#8217;exprimer des opinions qui vont au-del\u00e0 de ce qu&#8217;ils seraient autoris\u00e9s \u00e0 dire sur la plateforme. DUBAWA attend de ses membres qu&#8217;ils r\u00e9fl\u00e9chissent soigneusement aux forums auxquels ils participent et qu&#8217;ils prot\u00e8gent les normes et l&#8217;impartialit\u00e9 de la plateforme dans son ensemble.<\/p>\n<p>Les membres de l&#8217;\u00e9quipe doivent savoir que des activit\u00e9s politiques parfaitement l\u00e9gitimes men\u00e9es par leur conjoint, leur famille ou leurs compagnons peuvent n\u00e9anmoins cr\u00e9er des conflits d&#8217;int\u00e9r\u00eats ou donner l&#8217;impression d&#8217;un conflit. Lorsqu&#8217;une telle possibilit\u00e9 se pr\u00e9sente, le membre de l&#8217;\u00e9quipe doit en informer le r\u00e9dacteur en chef ou le directeur. Selon les circonstances, le membre du personnel peut \u00eatre amen\u00e9 \u00e0 se r\u00e9cuser de certaines couvertures ou m\u00eame \u00e0 changer de poste pour occuper une fonction sans rapport avec les activit\u00e9s en question.<\/p>\n<p>Tout membre de l&#8217;\u00e9quipe ayant des doutes sur une activit\u00e9 politique envisag\u00e9e doit consulter le r\u00e9dacteur en chef ou le directeur. Ces restrictions prot\u00e8gent le c\u0153ur de notre mission en tant que journalistes. Bien que DUBAWA examine chaque cas individuellement, elle fera preuve d&#8217;une extr\u00eame prudence avant d&#8217;accorder une exception.<\/p>\n","protected":false},"excerpt":{"rendered":"<p>Bien que Dubawa reconnaisse le droit de chaque individu de se pr\u00e9senter \u00e0 une \u00e9lection et de soutenir le candidat de son choix, nous estimons que l&#8217;ind\u00e9pendance de la plateforme pourrait \u00eatre remise en question si les membres de l&#8217;\u00e9quipe faisaient preuve de partisanerie. \u00c0 cette fin, tout membre de l&#8217;\u00e9quipe qui souhaite se pr\u00e9senter &hellip;<\/p>\n","protected":false},"author":1,"featured_media":0,"parent":2,"menu_order":0,"comment_status":"closed","ping_status":"closed","template":"","meta":{"footnotes":""},"ppma_author":[865],"class_list":["post-271","page","type-page","status-publish","hentry"],"_links":{"self":[{"href":"https:\/\/dubawa.org\/fr\/wp-json\/wp\/v2\/pages\/271","targetHints":{"allow":["GET"]}}],"collection":[{"href":"https:\/\/dubawa.org\/fr\/wp-json\/wp\/v2\/pages"}],"about":[{"href":"https:\/\/dubawa.org\/fr\/wp-json\/wp\/v2\/types\/page"}],"author":[{"embeddable":true,"href":"https:\/\/dubawa.org\/fr\/wp-json\/wp\/v2\/users\/1"}],"replies":[{"embeddable":true,"href":"https:\/\/dubawa.org\/fr\/wp-json\/wp\/v2\/comments?post=271"}],"version-history":[{"count":2,"href":"https:\/\/dubawa.org\/fr\/wp-json\/wp\/v2\/pages\/271\/revisions"}],"predecessor-version":[{"id":23140,"href":"https:\/\/dubawa.org\/fr\/wp-json\/wp\/v2\/pages\/271\/revisions\/23140"}],"up":[{"embeddable":true,"href":"https:\/\/dubawa.org\/fr\/wp-json\/wp\/v2\/pages\/2"}],"wp:attachment":[{"href":"https:\/\/dubawa.org\/fr\/wp-json\/wp\/v2\/media?parent=271"}],"wp:term":[{"taxonomy":"author","embeddable":true,"href":"https:\/\/dubawa.org\/fr\/wp-json\/wp\/v2\/ppma_author?post=271"}],"curies":[{"name":"wp","href":"https:\/\/api.w.org\/{rel}","templated":true}]}}