{"id":4257,"date":"2020-02-17T12:33:46","date_gmt":"2020-02-17T11:33:46","guid":{"rendered":"https:\/\/dubawa.org\/fr\/?page_id=4257"},"modified":"2025-09-10T16:36:45","modified_gmt":"2025-09-10T15:36:45","slug":"terms-of-use","status":"publish","type":"page","link":"https:\/\/dubawa.org\/fr\/about-us\/terms-of-use\/","title":{"rendered":"Conditions d&#8217;utilisation"},"content":{"rendered":"\n<p>Dubawa demeure l&#8217;unique propri\u00e9taire et d\u00e9tient les droits d&#8217;auteur sur l&#8217;ensemble du contenu du site, y compris, les \u0153uvres litt\u00e9raires et les m\u00e9dias (\u00e0 l&#8217;exception des m\u00e9dias clairement r\u00e9f\u00e9renc\u00e9s emprunt\u00e9s \u00e0 d&#8217;autres sites).<\/p>\n\n\n\n<p>Nous autorisons l&#8217;utilisation du contenu de Dubawa \u00e0 condition qu&#8217;il rel\u00e8ve du reportage et du journalisme, ainsi que de l&#8217;analyse des tendances li\u00e9es \u00e0 l&#8217;actualit\u00e9 et aux m\u00e9dias. Cependant, l&#8217;utilisation du contenu du site doit \u00eatre effectu\u00e9e de mani\u00e8re appropri\u00e9e, en veillant \u00e0 ce que l&#8217;auteur et le site soient clairement mentionn\u00e9s. Pour ce faire, vous pouvez conserver la signature de l&#8217;article ou du fact-checking, et ajouter une note indiquant qu&#8217;il s&#8217;agit d&#8217;une version republi\u00e9e avec un lien vers l&#8217;original sur dubawa.org.<\/p>\n\n\n\n<p>L&#8217;utilisation de notre contenu en dehors des param\u00e8tres d\u00e9crits ci-dessus n\u00e9cessite l&#8217;autorisation de Dubawa (contact@dubawa.org). L&#8217;utilisation ill\u00e9gale du contenu du site est passible de poursuites en vertu de la loi sur le droit d&#8217;auteur de 1970. Une \u00ab utilisation ill\u00e9gale \u00bb comprend, sans s&#8217;y limiter :<\/p>\n\n\n\n<ul class=\"wp-block-list\">\n<li>Utilisation non autoris\u00e9e du logo du site pour faire r\u00e9f\u00e9rence \u00e0 des r\u00e9sum\u00e9s ou documents ;<\/li>\n\n\n\n<li>Plagiat d&#8217;\u0153uvres litt\u00e9raires ;<\/li>\n\n\n\n<li>Publication de tout ou partie d&#8217;articles du site web de Dubawa sans mention de la source ;<\/li>\n\n\n\n<li>Cr\u00e9ation non autoris\u00e9e d&#8217;une base de donn\u00e9es \u00e9lectronique constituant tout ou partie de la propri\u00e9t\u00e9 intellectuelle de Dubawa.<\/li>\n<\/ul>\n\n\n\n<p>Comme indiqu\u00e9 pr\u00e9c\u00e9demment, Dubawa fait parfois r\u00e9f\u00e9rence au contenu d&#8217;autres sites dans ses articles. Il est toutefois essentiel de noter qu&#8217;il ne s&#8217;agit en aucun cas d&#8217;une attitude partisane, d&#8217;une approbation ou d&#8217;un parrainage de ces sites. De plus, nous n&#8217;avons aucun contr\u00f4le sur le contenu ou les politiques de ces sites, ni sur leur impact potentiel sur vous. En cliquant sur un tel lien hypertexte et en quittant notre domaine, vous assumez les risques et dommages encourus.<\/p>\n\n\n\n<p class=\"has-text-align-justify\">Nous nous effor\u00e7ons de toujours publier des informations \u00e0 jour, factuelles et fond\u00e9es sur des preuves. Cependant, nous d\u00e9clinons toute responsabilit\u00e9 quant \u00e0 l&#8217;impact de ces donn\u00e9es sur vous, ni quant aux frais ou aux cons\u00e9quences n\u00e9gatives que leur utilisation pourrait engendrer.affects you and any charges or backlash faced by its utilization.\u00a0<\/p>\n\n\n\n<p class=\"has-vivid-red-background-color has-text-color has-background\" style=\"color:#ffffff\"><strong><strong>Dubawa se r\u00e9serve le droit de mettre \u00e0 jour ou de modifier les conditions d&#8217;utilisation \u00e0 tout moment sans en informer le public.<\/strong><\/strong><\/p>\n","protected":false},"excerpt":{"rendered":"<p>Dubawa demeure l&#8217;unique propri\u00e9taire et d\u00e9tient les droits d&#8217;auteur sur l&#8217;ensemble du contenu du site, y compris, les \u0153uvres litt\u00e9raires et les m\u00e9dias (\u00e0 l&#8217;exception des m\u00e9dias clairement r\u00e9f\u00e9renc\u00e9s emprunt\u00e9s \u00e0 d&#8217;autres sites). Nous autorisons l&#8217;utilisation du contenu de Dubawa \u00e0 condition qu&#8217;il rel\u00e8ve du reportage et du journalisme, ainsi que de l&#8217;analyse des tendances &hellip;<\/p>\n","protected":false},"author":10,"featured_media":0,"parent":2,"menu_order":0,"comment_status":"closed","ping_status":"closed","template":"","meta":{"footnotes":""},"ppma_author":[873],"class_list":["post-4257","page","type-page","status-publish","hentry"],"_links":{"self":[{"href":"https:\/\/dubawa.org\/fr\/wp-json\/wp\/v2\/pages\/4257","targetHints":{"allow":["GET"]}}],"collection":[{"href":"https:\/\/dubawa.org\/fr\/wp-json\/wp\/v2\/pages"}],"about":[{"href":"https:\/\/dubawa.org\/fr\/wp-json\/wp\/v2\/types\/page"}],"author":[{"embeddable":true,"href":"https:\/\/dubawa.org\/fr\/wp-json\/wp\/v2\/users\/10"}],"replies":[{"embeddable":true,"href":"https:\/\/dubawa.org\/fr\/wp-json\/wp\/v2\/comments?post=4257"}],"version-history":[{"count":2,"href":"https:\/\/dubawa.org\/fr\/wp-json\/wp\/v2\/pages\/4257\/revisions"}],"predecessor-version":[{"id":23143,"href":"https:\/\/dubawa.org\/fr\/wp-json\/wp\/v2\/pages\/4257\/revisions\/23143"}],"up":[{"embeddable":true,"href":"https:\/\/dubawa.org\/fr\/wp-json\/wp\/v2\/pages\/2"}],"wp:attachment":[{"href":"https:\/\/dubawa.org\/fr\/wp-json\/wp\/v2\/media?parent=4257"}],"wp:term":[{"taxonomy":"author","embeddable":true,"href":"https:\/\/dubawa.org\/fr\/wp-json\/wp\/v2\/ppma_author?post=4257"}],"curies":[{"name":"wp","href":"https:\/\/api.w.org\/{rel}","templated":true}]}}