{"id":4371,"date":"2020-03-02T22:30:20","date_gmt":"2020-03-02T21:30:20","guid":{"rendered":"https:\/\/dubawa.org\/fr\/?page_id=4371"},"modified":"2025-09-10T16:24:19","modified_gmt":"2025-09-10T15:24:19","slug":"publishers-correction-policy","status":"publish","type":"page","link":"https:\/\/dubawa.org\/fr\/about-us\/publishers-correction-policy\/","title":{"rendered":"Politique de correction des \u00e9diteurs"},"content":{"rendered":"\n<p class=\"has-text-align-justify\">Dubawa a pour mission de lutter contre les fausses informations, les contenus trompeurs et autres formes de manipulation informationnelle visant \u00e0 nuire au public (volontaire ou involontaire). Dubawa promeut des informations v\u00e9rifi\u00e9es, contribue \u00e0 dissuader les propagateurs de fausses informations.<\/p>\n\n\n\n<p>M\u00eame si la propagation de fausses informations n&#8217;est pas toujours intentionnelle, ses dangers sont r\u00e9els. C&#8217;est pourquoi nous encourageons tous les cr\u00e9ateurs de contenu [organismes de presse et particuliers] \u00e0 publier rapidement des corrections et des clarifications \u00e0 leurs articles d\u00e8s qu&#8217;ils sont class\u00e9s comme faux ou trompeurs.<\/p>\n\n\n\n<h2 class=\"wp-block-heading\">Le processus<\/h2>\n\n\n\n<p>Les cr\u00e9ateurs de contenu et les \u00e9diteurs doivent rapidement apporter des modifications \u00e0 un article dont le contenu est faux ou trompeur. Si la classification fait l&#8217;objet d&#8217;un litige, l&#8217;\u00e9diteur doit nous contacter et demander une r\u00e9vision de l&#8217;\u00e9valuation. Nous \u00e9valuerons l&#8217;int\u00e9grit\u00e9 du contenu sur la base des informations fournies et disponibles au moment de la publication. Si un tiers ou nous-m\u00eames d\u00e9couvrons que nous avons commis une erreur, nous clarifierons, corrigerons ou mettrons \u00e0 jour l&#8217;article dans les plus brefs d\u00e9lais. Dans un souci de transparence, nous expliquerons les raisons qui ont motiv\u00e9 la modification, pourquoi nous l&#8217;avons apport\u00e9e et quand nous avons corrig\u00e9 l&#8217;article en question.<\/p>\n\n\n\n<p class=\"has-text-align-justify\">En revanche, si nous estimons toujours que l&#8217;article est faux ou trompeur apr\u00e8s appel, le cr\u00e9ateur ou l&#8217;\u00e9diteur du contenu est tenu d&#8217;alerter le public sur les informations inexactes et doit apporter les modifications n\u00e9cessaires. En outre, l&#8217;auteur doit mentionner la mise \u00e0 jour en haut de l&#8217;article. Les clarifications et les corrections doivent \u00eatre claires, concises et directes. Elles doivent indiquer pr\u00e9cis\u00e9ment les informations erron\u00e9es contenues dans l&#8217;article et inclure l&#8217;URL de l&#8217;article \u00e9valu\u00e9 par Dubawa. En substance, toute personne lisant la correction doit \u00eatre en mesure de comprendre comment et pourquoi l&#8217;erreur a \u00e9t\u00e9 corrig\u00e9e.<\/p>\n","protected":false},"excerpt":{"rendered":"<p>Dubawa a pour mission de lutter contre les fausses informations, les contenus trompeurs et autres formes de manipulation informationnelle visant \u00e0 nuire au public (volontaire ou involontaire). Dubawa promeut des informations v\u00e9rifi\u00e9es, contribue \u00e0 dissuader les propagateurs de fausses informations. M\u00eame si la propagation de fausses informations n&#8217;est pas toujours intentionnelle, ses dangers sont r\u00e9els. &hellip;<\/p>\n","protected":false},"author":10,"featured_media":0,"parent":2,"menu_order":0,"comment_status":"closed","ping_status":"closed","template":"","meta":{"footnotes":""},"ppma_author":[873],"class_list":["post-4371","page","type-page","status-publish","hentry"],"_links":{"self":[{"href":"https:\/\/dubawa.org\/fr\/wp-json\/wp\/v2\/pages\/4371","targetHints":{"allow":["GET"]}}],"collection":[{"href":"https:\/\/dubawa.org\/fr\/wp-json\/wp\/v2\/pages"}],"about":[{"href":"https:\/\/dubawa.org\/fr\/wp-json\/wp\/v2\/types\/page"}],"author":[{"embeddable":true,"href":"https:\/\/dubawa.org\/fr\/wp-json\/wp\/v2\/users\/10"}],"replies":[{"embeddable":true,"href":"https:\/\/dubawa.org\/fr\/wp-json\/wp\/v2\/comments?post=4371"}],"version-history":[{"count":2,"href":"https:\/\/dubawa.org\/fr\/wp-json\/wp\/v2\/pages\/4371\/revisions"}],"predecessor-version":[{"id":23139,"href":"https:\/\/dubawa.org\/fr\/wp-json\/wp\/v2\/pages\/4371\/revisions\/23139"}],"up":[{"embeddable":true,"href":"https:\/\/dubawa.org\/fr\/wp-json\/wp\/v2\/pages\/2"}],"wp:attachment":[{"href":"https:\/\/dubawa.org\/fr\/wp-json\/wp\/v2\/media?parent=4371"}],"wp:term":[{"taxonomy":"author","embeddable":true,"href":"https:\/\/dubawa.org\/fr\/wp-json\/wp\/v2\/ppma_author?post=4371"}],"curies":[{"name":"wp","href":"https:\/\/api.w.org\/{rel}","templated":true}]}}