{"id":7570,"date":"2021-02-22T10:39:04","date_gmt":"2021-02-22T09:39:04","guid":{"rendered":"https:\/\/dubawa.org\/fr\/?page_id=7570"},"modified":"2025-09-10T16:21:30","modified_gmt":"2025-09-10T15:21:30","slug":"corrections-policy","status":"publish","type":"page","link":"https:\/\/dubawa.org\/fr\/about-us\/corrections-policy\/","title":{"rendered":"Politique en mati\u00e8re de corrections"},"content":{"rendered":"\n<p class=\"has-text-align-justify\">Si, apr\u00e8s publication, de nouveaux \u00e9l\u00e9ments viennent modifier consid\u00e9rablement une information publi\u00e9e, nous proc\u00e9dons \u00e0 de nouvelles clarifications, corrections ou mises \u00e0 jour de l&#8217;article. Dans un souci de transparence, nous expliquerons les raisons qui ont motiv\u00e9 cette modification, pourquoi elle a \u00e9t\u00e9 apport\u00e9e et \u00e0 quel moment. N&#8217;h\u00e9sitez pas \u00e0 nous contacter via l&#8217;un de nos canaux de communication publics si vous estimez que l&#8217;une de nos publications est partiale, non fond\u00e9e sur des preuves ou ne respecte pas les principes d&#8217;\u00e9quilibre, de transparence et de v\u00e9rit\u00e9. En tant que signataires du <a href=\"https:\/\/ifcncodeofprinciples.poynter.org\/the-commitments\"><u>code de principes de l&#8217;IFCN<\/u><\/a>, vous pouvez <a href=\"https:\/\/ifcncodeofprinciples.poynter.org\/complaints\"><u>signaler toute violation \u00e0 l&#8217;IFCN<\/u><\/a>&nbsp;de mani\u00e8re ind\u00e9pendante et sans notre accord pr\u00e9alable. Nous esp\u00e9rons toutefois rester votre premier interlocuteur afin que les modifications n\u00e9cessaires puissent \u00eatre apport\u00e9es rapidement.<\/p>\n\n\n\n<p class=\"has-text-align-justify\">Nos processus de recherche, de r\u00e9daction et d&#8217;\u00e9dition sont soumis \u00e0 un examen minutieux tout au long d&#8217;une s\u00e9rie de processus de v\u00e9rification des FAITS. Cela permet de garantir une v\u00e9rification rigoureuse, fond\u00e9e sur des preuves solides, qui confirment ou r\u00e9futent le bien-fond\u00e9 d&#8217;un FAIT. La derni\u00e8re \u00e9tape du processus de pr\u00e9paration \u00e0 la publication est un examen obligatoire des normes, au cours duquel le travail \u00e9dit\u00e9 est soumis \u00e0 une v\u00e9rification finale afin de s&#8217;assurer qu&#8217;il satisfait les protocoles internes permettant de d\u00e9terminer sa v\u00e9racit\u00e9.<\/p>\n","protected":false},"excerpt":{"rendered":"<p>Si, apr\u00e8s publication, de nouveaux \u00e9l\u00e9ments viennent modifier consid\u00e9rablement une information publi\u00e9e, nous proc\u00e9dons \u00e0 de nouvelles clarifications, corrections ou mises \u00e0 jour de l&#8217;article. Dans un souci de transparence, nous expliquerons les raisons qui ont motiv\u00e9 cette modification, pourquoi elle a \u00e9t\u00e9 apport\u00e9e et \u00e0 quel moment. N&#8217;h\u00e9sitez pas \u00e0 nous contacter via l&#8217;un &hellip;<\/p>\n","protected":false},"author":1,"featured_media":0,"parent":2,"menu_order":0,"comment_status":"closed","ping_status":"closed","template":"","meta":{"footnotes":""},"ppma_author":[1129],"class_list":["post-7570","page","type-page","status-publish","hentry"],"_links":{"self":[{"href":"https:\/\/dubawa.org\/fr\/wp-json\/wp\/v2\/pages\/7570","targetHints":{"allow":["GET"]}}],"collection":[{"href":"https:\/\/dubawa.org\/fr\/wp-json\/wp\/v2\/pages"}],"about":[{"href":"https:\/\/dubawa.org\/fr\/wp-json\/wp\/v2\/types\/page"}],"author":[{"embeddable":true,"href":"https:\/\/dubawa.org\/fr\/wp-json\/wp\/v2\/users\/1"}],"replies":[{"embeddable":true,"href":"https:\/\/dubawa.org\/fr\/wp-json\/wp\/v2\/comments?post=7570"}],"version-history":[{"count":2,"href":"https:\/\/dubawa.org\/fr\/wp-json\/wp\/v2\/pages\/7570\/revisions"}],"predecessor-version":[{"id":23137,"href":"https:\/\/dubawa.org\/fr\/wp-json\/wp\/v2\/pages\/7570\/revisions\/23137"}],"up":[{"embeddable":true,"href":"https:\/\/dubawa.org\/fr\/wp-json\/wp\/v2\/pages\/2"}],"wp:attachment":[{"href":"https:\/\/dubawa.org\/fr\/wp-json\/wp\/v2\/media?parent=7570"}],"wp:term":[{"taxonomy":"author","embeddable":true,"href":"https:\/\/dubawa.org\/fr\/wp-json\/wp\/v2\/ppma_author?post=7570"}],"curies":[{"name":"wp","href":"https:\/\/api.w.org\/{rel}","templated":true}]}}