{"id":866,"date":"2018-03-21T12:35:02","date_gmt":"2018-03-21T11:35:02","guid":{"rendered":"https:\/\/dubawa.org\/fr\/?page_id=866"},"modified":"2025-09-10T15:12:44","modified_gmt":"2025-09-10T14:12:44","slug":"governance-organisation","status":"publish","type":"page","link":"https:\/\/dubawa.org\/fr\/about-us\/governance-organisation\/","title":{"rendered":"Gouvernance et organisation"},"content":{"rendered":"<p><strong>Gouvernance<\/strong><\/p>\n<p>Notre gouvernance et notre structure organisationnelle sont transparentes et compos\u00e9es de professionnels qui respectent l\u2019\u00e9thique et la d\u00e9ontologie. Leurs profils sont pr\u00e9sent\u00e9s sur cette page.<\/p>\n<p>DUBAWA est supervis\u00e9 par un comit\u00e9 consultatif compos\u00e9 de professionnels issus de divers horizons r\u00e9put\u00e9s dans leur domaine. Ils aident la direction de la plateforme \u00e0 rester concentr\u00e9e sur sa mission principale, qui consiste \u00e0 promouvoir la culture de la v\u00e9rit\u00e9 dans le discours public, les politiques publiques et la pratique journalistique en Afrique. Leurs responsabilit\u00e9s consistent notamment \u00e0 examiner les performances de la direction dans la r\u00e9alisation des objectifs de DUBAWA et \u00e0 contr\u00f4ler ces performances.<\/p>\n<p>Le conseil d&#8217;administration est soutenu par un groupe d&#8217;experts \u00e9ditoriaux (\u00e9galement appel\u00e9 comit\u00e9 de r\u00e9daction) ayant une solide exp\u00e9rience. Ils examinent le fonctionnement de la plateforme, en assurent la promotion et \u00e9tendent son empreinte en Afrique. Ils veillent \u00e9galement \u00e0 ce que ses productions professionnelles quotidiennes soient conformes aux principes de l&#8217;IFCN.<\/p>\n<p>Les op\u00e9rations quotidiennes de DUBAWA sont assur\u00e9es par CJID.<\/p>\n<p><strong>Organisation<\/strong><\/p>\n<p>DUBAWA fonctionne selon un processus clair qui d\u00e9finit pr\u00e9cis\u00e9ment les r\u00f4les, les responsabilit\u00e9s et les d\u00e9lais que chaque membre de l&#8217;\u00e9quipe doit respecter. L&#8217;\u00e9quipe DUBAWA est charg\u00e9e de la v\u00e9rification des faits et des activit\u00e9s connexes. Elle est compos\u00e9e d&#8217;une poign\u00e9e d&#8217;experts qui \u00e9laborent des articles v\u00e9rifi\u00e9s de mani\u00e8re structur\u00e9e, refl\u00e9tant les principes fondamentaux de la v\u00e9rification des faits. Elle dispose \u00e9galement d&#8217;une \u00e9quipe comp\u00e9tente de gestion et de soutien des programmes qui aide \u00e0 mettre en \u0153uvre d&#8217;autres initiatives visant \u00e0 promouvoir la culture de la v\u00e9rification des faits et le discours public fond\u00e9 sur les faits.<\/p>\n<p>Les membres de notre \u00e9quipe sont s\u00e9lectionn\u00e9s en fonction de leur capacit\u00e9 \u00e0 remplir les fonctions cl\u00e9s pour garantir la mise en \u0153uvre efficace et pr\u00e9cise des objectifs de l&#8217;organisation. Les membres de notre \u00e9quipe \u00e9ditoriale sont capables de mener des recherches approfondies sur un large \u00e9ventail de sujets, d&#8217;utiliser des donn\u00e9es pour fournir des informations, de conna\u00eetre les principes cl\u00e9s de la v\u00e9rification des faits et d&#8217;appliquer ces principes de mani\u00e8re appropri\u00e9e pour produire des articles. Les membres de l&#8217;\u00e9quipe charg\u00e9e des programmes et du soutien peuvent quant \u00e0 eux mettre en \u0153uvre des projets, des campagnes mobiles et de soutien, dispenser des formations et apporter un soutien au renforcement des capacit\u00e9s, ainsi que de diffuser efficacement nos contenus aupr\u00e8s des publics cibles.<\/p>\n<p>Le responsable de cette \u00e9quipe diversifi\u00e9e est le directeur de l&#8217;innovation, de la v\u00e9rification et de l&#8217;\u00e9ducation aux m\u00e9dias du Centre, assist\u00e9 par des r\u00e9dacteurs nationaux qui agissent en tant que chefs d&#8217;\u00e9quipe nationaux. Le directeur aide \u00e0 d\u00e9finir les objectifs et guide l&#8217;organisation vers la r\u00e9alisation de ses objectifs sp\u00e9cifiques. Les r\u00e9dacteurs sont charg\u00e9s d&#8217;approuver tous les articles avant leur publication et commandent les graphiques et les visualisations qui les accompagnent.<\/p>\n<p>Chaque pays dispose \u00e9galement de charg\u00e9s de programme qui sont responsables de l&#8217;ex\u00e9cution des activit\u00e9s de Dubawa de mani\u00e8re opportune et optimale, tout en \u00e9tablissant des collaborations, des partenariats et de nouvelles initiatives. Les chercheurs fournissent un contenu de qualit\u00e9 pour le site web de Dubawa, en suivant les r\u00e8gles \u00e9tablies pour faciliter le processus d&#8217;\u00e9dition. Ils font un effort suppl\u00e9mentaire en sensibilisant le public et en encourageant les citoyens \u00e0 participer \u00e0 la v\u00e9rification des faits afin de modifier la pr\u00e9valence et l&#8217;importance des fausses informations en Afrique.<\/p>\n","protected":false},"excerpt":{"rendered":"<p>Gouvernance Notre gouvernance et notre structure organisationnelle sont transparentes et compos\u00e9es de professionnels qui respectent l\u2019\u00e9thique et la d\u00e9ontologie. Leurs profils sont pr\u00e9sent\u00e9s sur cette page. DUBAWA est supervis\u00e9 par un comit\u00e9 consultatif compos\u00e9 de professionnels issus de divers horizons r\u00e9put\u00e9s dans leur domaine. Ils aident la direction de la plateforme \u00e0 rester concentr\u00e9e sur &hellip;<\/p>\n","protected":false},"author":1,"featured_media":0,"parent":2,"menu_order":0,"comment_status":"closed","ping_status":"closed","template":"","meta":{"footnotes":""},"ppma_author":[865],"class_list":["post-866","page","type-page","status-publish","hentry"],"_links":{"self":[{"href":"https:\/\/dubawa.org\/fr\/wp-json\/wp\/v2\/pages\/866","targetHints":{"allow":["GET"]}}],"collection":[{"href":"https:\/\/dubawa.org\/fr\/wp-json\/wp\/v2\/pages"}],"about":[{"href":"https:\/\/dubawa.org\/fr\/wp-json\/wp\/v2\/types\/page"}],"author":[{"embeddable":true,"href":"https:\/\/dubawa.org\/fr\/wp-json\/wp\/v2\/users\/1"}],"replies":[{"embeddable":true,"href":"https:\/\/dubawa.org\/fr\/wp-json\/wp\/v2\/comments?post=866"}],"version-history":[{"count":2,"href":"https:\/\/dubawa.org\/fr\/wp-json\/wp\/v2\/pages\/866\/revisions"}],"predecessor-version":[{"id":23131,"href":"https:\/\/dubawa.org\/fr\/wp-json\/wp\/v2\/pages\/866\/revisions\/23131"}],"up":[{"embeddable":true,"href":"https:\/\/dubawa.org\/fr\/wp-json\/wp\/v2\/pages\/2"}],"wp:attachment":[{"href":"https:\/\/dubawa.org\/fr\/wp-json\/wp\/v2\/media?parent=866"}],"wp:term":[{"taxonomy":"author","embeddable":true,"href":"https:\/\/dubawa.org\/fr\/wp-json\/wp\/v2\/ppma_author?post=866"}],"curies":[{"name":"wp","href":"https:\/\/api.w.org\/{rel}","templated":true}]}}